{"id":2,"date":"2023-05-18T21:27:38","date_gmt":"2023-05-18T19:27:38","guid":{"rendered":"http:\/\/sergehulotmagnetiseur.com\/?page_id=2"},"modified":"2025-10-21T11:22:09","modified_gmt":"2025-10-21T09:22:09","slug":"magnetiseur-sur-reims","status":"publish","type":"page","link":"https:\/\/sergehulotmagnetiseur.com\/","title":{"rendered":"Serge Hulot Magn\u00e9tiseur"},"content":{"rendered":"\t\t<div data-elementor-type=\"wp-page\" data-elementor-id=\"2\" class=\"elementor elementor-2\">\n\t\t\t\t\t\t\t\t\t<section class=\"elementor-section elementor-top-section elementor-element elementor-element-0760923 elementor-section-boxed elementor-section-height-default elementor-section-height-default\" data-id=\"0760923\" data-element_type=\"section\" data-settings=\"{&quot;background_background&quot;:&quot;slideshow&quot;,&quot;background_slideshow_gallery&quot;:[],&quot;background_slideshow_loop&quot;:&quot;yes&quot;,&quot;background_slideshow_slide_duration&quot;:5000,&quot;background_slideshow_slide_transition&quot;:&quot;fade&quot;,&quot;background_slideshow_transition_duration&quot;:500}\">\n\t\t\t\t\t\t\t<div class=\"elementor-background-overlay\"><\/div>\n\t\t\t\t\t\t\t<div class=\"elementor-container elementor-column-gap-default\">\n\t\t\t\t\t<div class=\"elementor-column elementor-col-25 elementor-top-column elementor-element elementor-element-071662e\" data-id=\"071662e\" data-element_type=\"column\">\n\t\t\t<div class=\"elementor-widget-wrap\">\n\t\t\t\t\t\t\t\t\t<\/div>\n\t\t<\/div>\n\t\t\t\t<div class=\"elementor-column elementor-col-50 elementor-top-column elementor-element elementor-element-965763f\" data-id=\"965763f\" data-element_type=\"column\">\n\t\t\t<div class=\"elementor-widget-wrap elementor-element-populated\">\n\t\t\t\t\t\t\t\t<div class=\"elementor-element elementor-element-8610b35 elementor-widget__width-initial elementor-widget elementor-widget-text-editor\" data-id=\"8610b35\" data-element_type=\"widget\" data-widget_type=\"text-editor.default\">\n\t\t\t\t<div class=\"elementor-widget-container\">\n\t\t\t<style>\/*! elementor - v3.13.2 - 11-05-2023 *\/\n.elementor-widget-text-editor.elementor-drop-cap-view-stacked .elementor-drop-cap{background-color:#69727d;color:#fff}.elementor-widget-text-editor.elementor-drop-cap-view-framed .elementor-drop-cap{color:#69727d;border:3px solid;background-color:transparent}.elementor-widget-text-editor:not(.elementor-drop-cap-view-default) .elementor-drop-cap{margin-top:8px}.elementor-widget-text-editor:not(.elementor-drop-cap-view-default) .elementor-drop-cap-letter{width:1em;height:1em}.elementor-widget-text-editor .elementor-drop-cap{float:left;text-align:center;line-height:1;font-size:50px}.elementor-widget-text-editor .elementor-drop-cap-letter{display:inline-block}<\/style>\t\t\t\t<p>Certaines personnes disent ou pensent que je suis en retraite.<\/p>\n<p>NON, MALGRES MON GRAND AGE, JE NE SUIS PAS EN RETRAITE<\/p>\n<p>Je suis magn\u00e9tiseur depuis 1995, mon cabinet est bas\u00e9 sur Reims ou je pratique mes consultations .&nbsp;<\/p>\n<p>Appelez le fixe ou le portable pour prendre RDV.<\/p>\t\t\t\t\t\t<\/div>\n\t\t\t\t<\/div>\n\t\t\t\t<div class=\"elementor-element elementor-element-7171aac elementor-widget elementor-widget-text-editor\" data-id=\"7171aac\" data-element_type=\"widget\" data-widget_type=\"text-editor.default\">\n\t\t\t\t<div class=\"elementor-widget-container\">\n\t\t\t\t\t\t\t\t\t\t\t\t\t<\/div>\n\t\t\t\t<\/div>\n\t\t\t\t<div class=\"elementor-element elementor-element-9ca11be elementor-widget elementor-widget-heading\" data-id=\"9ca11be\" data-element_type=\"widget\" data-widget_type=\"heading.default\">\n\t\t\t\t<div class=\"elementor-widget-container\">\n\t\t\t<style>\/*! elementor - v3.13.2 - 11-05-2023 *\/\n.elementor-heading-title{padding:0;margin:0;line-height:1}.elementor-widget-heading .elementor-heading-title[class*=elementor-size-]>a{color:inherit;font-size:inherit;line-height:inherit}.elementor-widget-heading .elementor-heading-title.elementor-size-small{font-size:15px}.elementor-widget-heading .elementor-heading-title.elementor-size-medium{font-size:19px}.elementor-widget-heading .elementor-heading-title.elementor-size-large{font-size:29px}.elementor-widget-heading .elementor-heading-title.elementor-size-xl{font-size:39px}.elementor-widget-heading .elementor-heading-title.elementor-size-xxl{font-size:59px}<\/style><h2 class=\"elementor-heading-title elementor-size-default\"><a href=\"tel:0326073814\" target=\"_blank\">03.26.07.38.14.\n                                        <br>ou le               <br>07 80 44 77 82 <\/a><\/h2>\t\t<\/div>\n\t\t\t\t<\/div>\n\t\t\t\t<div class=\"elementor-element elementor-element-d0f98bd elementor-widget elementor-widget-text-editor\" data-id=\"d0f98bd\" data-element_type=\"widget\" data-widget_type=\"text-editor.default\">\n\t\t\t\t<div class=\"elementor-widget-container\">\n\t\t\t\t\t\t\t<p>Le cabinet de magn\u00e9tisme se situe \u00e0 l\u2019adresse suivante :<br \/>128 Rue du Chalet \u2013 51100 Reims\u00a0<em>(entr\u00e9e rue de la Goulette, porte bleue)<\/em><\/p><p>Si vous utilisez un GPS, je vous conseille d&rsquo;entrer RUE DE LA GOULETTE 51100 REIMS. Car un GPS sur DEUX envoie les gens rue du Chatelet qui se trouve en plein centre donc rien \u00e0 voir avec moi !!!<\/p><p>\u00a0<\/p>\t\t\t\t\t\t<\/div>\n\t\t\t\t<\/div>\n\t\t\t\t<div class=\"elementor-element elementor-element-b869e94 elementor-widget elementor-widget-spacer\" data-id=\"b869e94\" data-element_type=\"widget\" data-widget_type=\"spacer.default\">\n\t\t\t\t<div class=\"elementor-widget-container\">\n\t\t\t<style>\/*! elementor - v3.13.2 - 11-05-2023 *\/\n.elementor-column .elementor-spacer-inner{height:var(--spacer-size)}.e-con{--container-widget-width:100%}.e-con-inner>.elementor-widget-spacer,.e-con>.elementor-widget-spacer{width:var(--container-widget-width,var(--spacer-size));--align-self:var(--container-widget-align-self,initial);--flex-shrink:0}.e-con-inner>.elementor-widget-spacer>.elementor-widget-container,.e-con-inner>.elementor-widget-spacer>.elementor-widget-container>.elementor-spacer,.e-con>.elementor-widget-spacer>.elementor-widget-container,.e-con>.elementor-widget-spacer>.elementor-widget-container>.elementor-spacer{height:100%}.e-con-inner>.elementor-widget-spacer>.elementor-widget-container>.elementor-spacer>.elementor-spacer-inner,.e-con>.elementor-widget-spacer>.elementor-widget-container>.elementor-spacer>.elementor-spacer-inner{height:var(--container-widget-height,var(--spacer-size))}<\/style>\t\t<div class=\"elementor-spacer\">\n\t\t\t<div class=\"elementor-spacer-inner\"><\/div>\n\t\t<\/div>\n\t\t\t\t<\/div>\n\t\t\t\t<\/div>\n\t\t\t\t<div class=\"elementor-element elementor-element-f3178ec elementor-widget-divider--view-line elementor-widget elementor-widget-divider\" data-id=\"f3178ec\" data-element_type=\"widget\" data-widget_type=\"divider.default\">\n\t\t\t\t<div class=\"elementor-widget-container\">\n\t\t\t<style>\/*! elementor - v3.13.2 - 11-05-2023 *\/\n.elementor-widget-divider{--divider-border-style:none;--divider-border-width:1px;--divider-color:#0c0d0e;--divider-icon-size:20px;--divider-element-spacing:10px;--divider-pattern-height:24px;--divider-pattern-size:20px;--divider-pattern-url:none;--divider-pattern-repeat:repeat-x}.elementor-widget-divider .elementor-divider{display:flex}.elementor-widget-divider .elementor-divider__text{font-size:15px;line-height:1;max-width:95%}.elementor-widget-divider .elementor-divider__element{margin:0 var(--divider-element-spacing);flex-shrink:0}.elementor-widget-divider .elementor-icon{font-size:var(--divider-icon-size)}.elementor-widget-divider .elementor-divider-separator{display:flex;margin:0;direction:ltr}.elementor-widget-divider--view-line_icon .elementor-divider-separator,.elementor-widget-divider--view-line_text .elementor-divider-separator{align-items:center}.elementor-widget-divider--view-line_icon .elementor-divider-separator:after,.elementor-widget-divider--view-line_icon .elementor-divider-separator:before,.elementor-widget-divider--view-line_text .elementor-divider-separator:after,.elementor-widget-divider--view-line_text .elementor-divider-separator:before{display:block;content:\"\";border-bottom:0;flex-grow:1;border-top:var(--divider-border-width) var(--divider-border-style) var(--divider-color)}.elementor-widget-divider--element-align-left .elementor-divider .elementor-divider-separator>.elementor-divider__svg:first-of-type{flex-grow:0;flex-shrink:100}.elementor-widget-divider--element-align-left .elementor-divider-separator:before{content:none}.elementor-widget-divider--element-align-left .elementor-divider__element{margin-left:0}.elementor-widget-divider--element-align-right .elementor-divider .elementor-divider-separator>.elementor-divider__svg:last-of-type{flex-grow:0;flex-shrink:100}.elementor-widget-divider--element-align-right .elementor-divider-separator:after{content:none}.elementor-widget-divider--element-align-right .elementor-divider__element{margin-right:0}.elementor-widget-divider:not(.elementor-widget-divider--view-line_text):not(.elementor-widget-divider--view-line_icon) .elementor-divider-separator{border-top:var(--divider-border-width) var(--divider-border-style) var(--divider-color)}.elementor-widget-divider--separator-type-pattern{--divider-border-style:none}.elementor-widget-divider--separator-type-pattern.elementor-widget-divider--view-line .elementor-divider-separator,.elementor-widget-divider--separator-type-pattern:not(.elementor-widget-divider--view-line) .elementor-divider-separator:after,.elementor-widget-divider--separator-type-pattern:not(.elementor-widget-divider--view-line) .elementor-divider-separator:before,.elementor-widget-divider--separator-type-pattern:not([class*=elementor-widget-divider--view]) .elementor-divider-separator{width:100%;min-height:var(--divider-pattern-height);-webkit-mask-size:var(--divider-pattern-size) 100%;mask-size:var(--divider-pattern-size) 100%;-webkit-mask-repeat:var(--divider-pattern-repeat);mask-repeat:var(--divider-pattern-repeat);background-color:var(--divider-color);-webkit-mask-image:var(--divider-pattern-url);mask-image:var(--divider-pattern-url)}.elementor-widget-divider--no-spacing{--divider-pattern-size:auto}.elementor-widget-divider--bg-round{--divider-pattern-repeat:round}.rtl .elementor-widget-divider .elementor-divider__text{direction:rtl}.e-con-inner>.elementor-widget-divider,.e-con>.elementor-widget-divider{width:var(--container-widget-width,100%);--flex-grow:var(--container-widget-flex-grow)}<\/style>\t\t<div class=\"elementor-divider\">\n\t\t\t<span class=\"elementor-divider-separator\">\n\t\t\t\t\t\t<\/span>\n\t\t<\/div>\n\t\t\t\t<\/div>\n\t\t\t\t<\/div>\n\t\t\t\t<div class=\"elementor-element elementor-element-8c4f049 elementor-widget elementor-widget-text-editor\" data-id=\"8c4f049\" data-element_type=\"widget\" data-widget_type=\"text-editor.default\">\n\t\t\t\t<div class=\"elementor-widget-container\">\n\t\t\t\t\t\t\t<h2 class=\"p1\"><span class=\"s1\">Informations utiles :<\/span><\/h2>\t\t\t\t\t\t<\/div>\n\t\t\t\t<\/div>\n\t\t\t\t<div class=\"elementor-element elementor-element-89d2041 elementor-widget elementor-widget-text-editor\" data-id=\"89d2041\" data-element_type=\"widget\" data-widget_type=\"text-editor.default\">\n\t\t\t\t<div class=\"elementor-widget-container\">\n\t\t\t\t\t\t\t<ul><li class=\"p1\"><span class=\"s1\">Pour la consultation, vous devrez vous munir d\u2019un minimum de trois bouteilles d\u2019eau de 1,5 Litres.<\/span><\/li><li>\u00a0<\/li><li><p class=\"p1\"><span class=\"s1\">Le tarif est \u00e9tabli \u00e0 votre libre appr\u00e9ciation.<\/span><\/p><\/li><li><p>Le magn\u00e9tisme que je pratique ne repr\u00e9sente en aucun cas un remplacement des traitements traditionnels.<\/p><p>Il faut le consid\u00e9rer comme une aide suppl\u00e9mentaire.<\/p><p>En cons\u00e9quence, il vous revient de prendre l\u2019enti\u00e8re responsabilit\u00e9 de la constatation de l\u2019am\u00e9lioration de votre \u00a0\u00e9tat et de le faire v\u00e9rifier -si besoin est- par son m\u00e9decin habituel car je ne suis pas habilit\u00e9 \u00e0 le faire.<\/p><\/li><li><p class=\"p1\"><span style=\"text-decoration: underline;\"><span class=\"s1\">Je ne prescris pas de m\u00e9dicaments, ni n&rsquo;en retire.<\/span><\/span><\/p><\/li><li>\u00a0<\/li><li><p class=\"p1\"><span class=\"s1\">En cas de dysfonctionnement des lignes t\u00e9l\u00e9phoniques fixes, vous pouvez composer le <a href=\"tel:0780447782\"><span class=\"s2\">07.80.44.77.82.<\/span><\/a>\u00a0<em> Ce t\u00e9l\u00e9phone ne prend ni message ni sms.<\/em><\/span><\/p><\/li><li>\u00a0<\/li><li>Depuis 2021, ma fille Gladys Hulot exerce \u00e9galement \u00e0 la m\u00eame adresse.\u00a0<\/li><li>ELLE PROPOSE DES RDV au :\u00a0<a href=\"tel:07.80.23.67.11\">07.80.23.67.11.<\/a><\/li><li>Merci de ne pas l&rsquo;appeler EN CE QUI ME CONCERNE car elle ne g\u00e8re pas mon emploi du temps.<\/li><li>Merci de votre compr\u00e9hension et \u00e0 bient\u00f4t.<\/li><\/ul>\t\t\t\t\t\t<\/div>\n\t\t\t\t<\/div>\n\t\t\t\t<div class=\"elementor-element elementor-element-149989e elementor-widget elementor-widget-spacer\" data-id=\"149989e\" data-element_type=\"widget\" data-widget_type=\"spacer.default\">\n\t\t\t\t<div class=\"elementor-widget-container\">\n\t\t\t\t\t<div class=\"elementor-spacer\">\n\t\t\t<div class=\"elementor-spacer-inner\"><\/div>\n\t\t<\/div>\n\t\t\t\t<\/div>\n\t\t\t\t<\/div>\n\t\t\t\t<div class=\"elementor-element elementor-element-dba5430 elementor-widget elementor-widget-spacer\" data-id=\"dba5430\" data-element_type=\"widget\" data-widget_type=\"spacer.default\">\n\t\t\t\t<div class=\"elementor-widget-container\">\n\t\t\t\t\t<div class=\"elementor-spacer\">\n\t\t\t<div class=\"elementor-spacer-inner\"><\/div>\n\t\t<\/div>\n\t\t\t\t<\/div>\n\t\t\t\t<\/div>\n\t\t\t\t\t<\/div>\n\t\t<\/div>\n\t\t\t\t<div class=\"elementor-column elementor-col-25 elementor-top-column elementor-element elementor-element-4e6d537\" data-id=\"4e6d537\" data-element_type=\"column\">\n\t\t\t<div class=\"elementor-widget-wrap elementor-element-populated\">\n\t\t\t\t\t\t\t\t\t<\/div>\n\t\t<\/div>\n\t\t\t\t\t\t\t<\/div>\n\t\t<\/section>\n\t\t\t\t<section class=\"elementor-section elementor-top-section elementor-element elementor-element-d073c51 elementor-section-boxed elementor-section-height-default elementor-section-height-default\" data-id=\"d073c51\" data-element_type=\"section\">\n\t\t\t\t\t\t<div class=\"elementor-container elementor-column-gap-default\">\n\t\t\t\t\t<div class=\"elementor-column elementor-col-100 elementor-top-column elementor-element elementor-element-bb0aa70\" data-id=\"bb0aa70\" data-element_type=\"column\">\n\t\t\t<div class=\"elementor-widget-wrap elementor-element-populated\">\n\t\t\t\t\t\t\t\t<div class=\"elementor-element elementor-element-ea3ae5d elementor-widget-divider--view-line elementor-widget elementor-widget-divider\" data-id=\"ea3ae5d\" data-element_type=\"widget\" data-widget_type=\"divider.default\">\n\t\t\t\t<div class=\"elementor-widget-container\">\n\t\t\t\t\t<div class=\"elementor-divider\">\n\t\t\t<span class=\"elementor-divider-separator\">\n\t\t\t\t\t\t<\/span>\n\t\t<\/div>\n\t\t\t\t<\/div>\n\t\t\t\t<\/div>\n\t\t\t\t<div class=\"elementor-element elementor-element-7b53e79 elementor-widget elementor-widget-button\" data-id=\"7b53e79\" data-element_type=\"widget\" data-widget_type=\"button.default\">\n\t\t\t\t<div class=\"elementor-widget-container\">\n\t\t\t\t\t<div class=\"elementor-button-wrapper\">\n\t\t\t<a href=\"https:\/\/sergehulotmagnetiseur.com\/index.php\/politique-de-confidentialite\/\" class=\"elementor-button-link elementor-button elementor-size-sm\" role=\"button\">\n\t\t\t\t\t\t<span class=\"elementor-button-content-wrapper\">\n\t\t\t\t\t\t<span class=\"elementor-button-text\">Politique de confidentialit\u00e9<\/span>\n\t\t<\/span>\n\t\t\t\t\t<\/a>\n\t\t<\/div>\n\t\t\t\t<\/div>\n\t\t\t\t<\/div>\n\t\t\t\t\t<\/div>\n\t\t<\/div>\n\t\t\t\t\t\t\t<\/div>\n\t\t<\/section>\n\t\t\t\t\t\t\t<\/div>\n\t\t","protected":false},"excerpt":{"rendered":"<p>Certaines personnes disent ou pensent que je suis en retraite. NON, MALGRES MON GRAND AGE, JE NE SUIS PAS EN RETRAITE Je suis magn\u00e9tiseur depuis 1995, mon cabinet est bas\u00e9 sur Reims ou je pratique mes consultations .&nbsp; Appelez le fixe ou le portable pour prendre RDV. 03.26.07.38.14. ou le 07 80 44 77 82 Le cabinet de magn\u00e9tisme se situe \u00e0 l\u2019adresse suivante :128 Rue du Chalet \u2013 51100 Reims\u00a0(entr\u00e9e rue de la Goulette, porte bleue) Si vous utilisez un GPS, je vous conseille d&rsquo;entrer RUE DE LA GOULETTE 51100 REIMS. Car un GPS sur DEUX envoie les gens rue du Chatelet qui se trouve en plein centre donc rien \u00e0 voir avec moi !!! \u00a0 Informations utiles : Pour la consultation, vous devrez vous munir d\u2019un minimum de trois bouteilles d\u2019eau de 1,5 Litres. \u00a0 Le tarif est \u00e9tabli \u00e0 votre libre appr\u00e9ciation. Le magn\u00e9tisme que je pratique ne repr\u00e9sente en aucun cas un remplacement des traitements traditionnels. Il faut le consid\u00e9rer comme une aide suppl\u00e9mentaire. En cons\u00e9quence, il vous revient de prendre l\u2019enti\u00e8re responsabilit\u00e9 de la constatation de l\u2019am\u00e9lioration de votre \u00a0\u00e9tat et de le faire v\u00e9rifier -si besoin est- par son m\u00e9decin habituel car je ne suis pas habilit\u00e9 \u00e0 le faire. Je ne prescris pas de m\u00e9dicaments, ni n&rsquo;en retire. \u00a0 En cas de dysfonctionnement des lignes t\u00e9l\u00e9phoniques fixes, vous pouvez composer le 07.80.44.77.82.\u00a0 Ce t\u00e9l\u00e9phone ne prend ni message ni sms. \u00a0 Depuis 2021, ma fille Gladys Hulot exerce \u00e9galement \u00e0 la m\u00eame adresse.\u00a0 ELLE PROPOSE DES RDV au :\u00a007.80.23.67.11. Merci de ne pas l&rsquo;appeler EN CE QUI ME CONCERNE car elle ne g\u00e8re pas mon emploi du temps. Merci de votre compr\u00e9hension et \u00e0 bient\u00f4t. Politique de confidentialit\u00e9<\/p>\n","protected":false},"author":1,"featured_media":29,"parent":0,"menu_order":0,"comment_status":"closed","ping_status":"open","template":"elementor_header_footer","meta":{"footnotes":""},"class_list":["post-2","page","type-page","status-publish","has-post-thumbnail","hentry"],"yoast_head":"<!-- This site is optimized with the Yoast SEO plugin v20.7 - https:\/\/yoast.com\/wordpress\/plugins\/seo\/ -->\n<title>Serge Hulot Magn\u00e9tiseur<\/title>\n<meta name=\"description\" content=\"Vous \u00eates sur le nouveau site de Serge Hulot, magn\u00e9tiseur sur Reims. Je propose des consultations sur rendez-vous au 03.26.07.38.14.\" \/>\n<meta name=\"robots\" content=\"index, follow, max-snippet:-1, max-image-preview:large, max-video-preview:-1\" \/>\n<link rel=\"canonical\" href=\"https:\/\/sergehulotmagnetiseur.com\/\" \/>\n<meta property=\"og:locale\" content=\"fr_FR\" \/>\n<meta property=\"og:type\" content=\"article\" \/>\n<meta property=\"og:title\" content=\"Serge Hulot Magn\u00e9tiseur\" \/>\n<meta property=\"og:description\" content=\"Vous \u00eates sur le nouveau site de Serge Hulot, magn\u00e9tiseur sur Reims. Je propose des consultations sur rendez-vous au 03.26.07.38.14.\" \/>\n<meta property=\"og:url\" content=\"https:\/\/sergehulotmagnetiseur.com\/\" \/>\n<meta property=\"og:site_name\" content=\"Serge Hulot Magn\u00e9tiseur\" \/>\n<meta property=\"article:modified_time\" content=\"2025-10-21T09:22:09+00:00\" \/>\n<meta property=\"og:image\" content=\"https:\/\/sergehulotmagnetiseur.com\/wp-content\/uploads\/2023\/05\/fond_ciel-scaled.jpg\" \/>\n\t<meta property=\"og:image:width\" content=\"1440\" \/>\n\t<meta property=\"og:image:height\" content=\"2560\" \/>\n\t<meta property=\"og:image:type\" content=\"image\/jpeg\" \/>\n<meta name=\"twitter:card\" content=\"summary_large_image\" \/>\n<meta name=\"twitter:label1\" content=\"Dur\u00e9e de lecture estim\u00e9e\" \/>\n\t<meta name=\"twitter:data1\" content=\"2 minutes\" \/>\n<script type=\"application\/ld+json\" class=\"yoast-schema-graph\">{\"@context\":\"https:\/\/schema.org\",\"@graph\":[{\"@type\":[\"WebPage\",\"AboutPage\"],\"@id\":\"https:\/\/sergehulotmagnetiseur.com\/\",\"url\":\"https:\/\/sergehulotmagnetiseur.com\/\",\"name\":\"Serge Hulot Magn\u00e9tiseur\",\"isPartOf\":{\"@id\":\"https:\/\/sergehulotmagnetiseur.com\/#website\"},\"datePublished\":\"2023-05-18T19:27:38+00:00\",\"dateModified\":\"2025-10-21T09:22:09+00:00\",\"description\":\"Vous \u00eates sur le nouveau site de Serge Hulot, magn\u00e9tiseur sur Reims. Je propose des consultations sur rendez-vous au 03.26.07.38.14.\",\"breadcrumb\":{\"@id\":\"https:\/\/sergehulotmagnetiseur.com\/#breadcrumb\"},\"inLanguage\":\"fr-FR\",\"potentialAction\":[{\"@type\":\"ReadAction\",\"target\":[\"https:\/\/sergehulotmagnetiseur.com\/\"]}]},{\"@type\":\"BreadcrumbList\",\"@id\":\"https:\/\/sergehulotmagnetiseur.com\/#breadcrumb\",\"itemListElement\":[{\"@type\":\"ListItem\",\"position\":1,\"name\":\"Serge Hulot magn\u00e9tiseur sur Reims\",\"item\":\"https:\/\/sergehulotmagnetiseur.com\/\"},{\"@type\":\"ListItem\",\"position\":2,\"name\":\"Serge Hulot Magn\u00e9tiseur\"}]},{\"@type\":\"WebSite\",\"@id\":\"https:\/\/sergehulotmagnetiseur.com\/#website\",\"url\":\"https:\/\/sergehulotmagnetiseur.com\/\",\"name\":\"Serge Hulot magn\u00e9tiseur\",\"description\":\"Serge Hulot magn\u00e9tiseur sur Reims\",\"publisher\":{\"@id\":\"https:\/\/sergehulotmagnetiseur.com\/#\/schema\/person\/e1928397942458dea40be7e448129269\"},\"alternateName\":\"magn\u00e9tiseur sur Reims\",\"potentialAction\":[{\"@type\":\"SearchAction\",\"target\":{\"@type\":\"EntryPoint\",\"urlTemplate\":\"https:\/\/sergehulotmagnetiseur.com\/?s={search_term_string}\"},\"query-input\":\"required name=search_term_string\"}],\"inLanguage\":\"fr-FR\"},{\"@type\":[\"Person\",\"Organization\"],\"@id\":\"https:\/\/sergehulotmagnetiseur.com\/#\/schema\/person\/e1928397942458dea40be7e448129269\",\"name\":\"admin5580\",\"image\":{\"@type\":\"ImageObject\",\"inLanguage\":\"fr-FR\",\"@id\":\"https:\/\/sergehulotmagnetiseur.com\/#\/schema\/person\/image\/\",\"url\":\"https:\/\/sergehulotmagnetiseur.com\/wp-content\/uploads\/2023\/05\/cropped-cropped-fond_ciel-scaled-4-1.jpg\",\"contentUrl\":\"https:\/\/sergehulotmagnetiseur.com\/wp-content\/uploads\/2023\/05\/cropped-cropped-fond_ciel-scaled-4-1.jpg\",\"width\":512,\"height\":512,\"caption\":\"admin5580\"},\"logo\":{\"@id\":\"https:\/\/sergehulotmagnetiseur.com\/#\/schema\/person\/image\/\"},\"sameAs\":[\"http:\/\/sergehulotmagnetiseur.com\"]}]}<\/script>\n<!-- \/ Yoast SEO plugin. -->","yoast_head_json":{"title":"Serge Hulot Magn\u00e9tiseur","description":"Vous \u00eates sur le nouveau site de Serge Hulot, magn\u00e9tiseur sur Reims. Je propose des consultations sur rendez-vous au 03.26.07.38.14.","robots":{"index":"index","follow":"follow","max-snippet":"max-snippet:-1","max-image-preview":"max-image-preview:large","max-video-preview":"max-video-preview:-1"},"canonical":"https:\/\/sergehulotmagnetiseur.com\/","og_locale":"fr_FR","og_type":"article","og_title":"Serge Hulot Magn\u00e9tiseur","og_description":"Vous \u00eates sur le nouveau site de Serge Hulot, magn\u00e9tiseur sur Reims. Je propose des consultations sur rendez-vous au 03.26.07.38.14.","og_url":"https:\/\/sergehulotmagnetiseur.com\/","og_site_name":"Serge Hulot Magn\u00e9tiseur","article_modified_time":"2025-10-21T09:22:09+00:00","og_image":[{"width":1440,"height":2560,"url":"https:\/\/sergehulotmagnetiseur.com\/wp-content\/uploads\/2023\/05\/fond_ciel-scaled.jpg","type":"image\/jpeg"}],"twitter_card":"summary_large_image","twitter_misc":{"Dur\u00e9e de lecture estim\u00e9e":"2 minutes"},"schema":{"@context":"https:\/\/schema.org","@graph":[{"@type":["WebPage","AboutPage"],"@id":"https:\/\/sergehulotmagnetiseur.com\/","url":"https:\/\/sergehulotmagnetiseur.com\/","name":"Serge Hulot Magn\u00e9tiseur","isPartOf":{"@id":"https:\/\/sergehulotmagnetiseur.com\/#website"},"datePublished":"2023-05-18T19:27:38+00:00","dateModified":"2025-10-21T09:22:09+00:00","description":"Vous \u00eates sur le nouveau site de Serge Hulot, magn\u00e9tiseur sur Reims. Je propose des consultations sur rendez-vous au 03.26.07.38.14.","breadcrumb":{"@id":"https:\/\/sergehulotmagnetiseur.com\/#breadcrumb"},"inLanguage":"fr-FR","potentialAction":[{"@type":"ReadAction","target":["https:\/\/sergehulotmagnetiseur.com\/"]}]},{"@type":"BreadcrumbList","@id":"https:\/\/sergehulotmagnetiseur.com\/#breadcrumb","itemListElement":[{"@type":"ListItem","position":1,"name":"Serge Hulot magn\u00e9tiseur sur Reims","item":"https:\/\/sergehulotmagnetiseur.com\/"},{"@type":"ListItem","position":2,"name":"Serge Hulot Magn\u00e9tiseur"}]},{"@type":"WebSite","@id":"https:\/\/sergehulotmagnetiseur.com\/#website","url":"https:\/\/sergehulotmagnetiseur.com\/","name":"Serge Hulot magn\u00e9tiseur","description":"Serge Hulot magn\u00e9tiseur sur Reims","publisher":{"@id":"https:\/\/sergehulotmagnetiseur.com\/#\/schema\/person\/e1928397942458dea40be7e448129269"},"alternateName":"magn\u00e9tiseur sur Reims","potentialAction":[{"@type":"SearchAction","target":{"@type":"EntryPoint","urlTemplate":"https:\/\/sergehulotmagnetiseur.com\/?s={search_term_string}"},"query-input":"required name=search_term_string"}],"inLanguage":"fr-FR"},{"@type":["Person","Organization"],"@id":"https:\/\/sergehulotmagnetiseur.com\/#\/schema\/person\/e1928397942458dea40be7e448129269","name":"admin5580","image":{"@type":"ImageObject","inLanguage":"fr-FR","@id":"https:\/\/sergehulotmagnetiseur.com\/#\/schema\/person\/image\/","url":"https:\/\/sergehulotmagnetiseur.com\/wp-content\/uploads\/2023\/05\/cropped-cropped-fond_ciel-scaled-4-1.jpg","contentUrl":"https:\/\/sergehulotmagnetiseur.com\/wp-content\/uploads\/2023\/05\/cropped-cropped-fond_ciel-scaled-4-1.jpg","width":512,"height":512,"caption":"admin5580"},"logo":{"@id":"https:\/\/sergehulotmagnetiseur.com\/#\/schema\/person\/image\/"},"sameAs":["http:\/\/sergehulotmagnetiseur.com"]}]}},"_links":{"self":[{"href":"https:\/\/sergehulotmagnetiseur.com\/index.php\/wp-json\/wp\/v2\/pages\/2","targetHints":{"allow":["GET"]}}],"collection":[{"href":"https:\/\/sergehulotmagnetiseur.com\/index.php\/wp-json\/wp\/v2\/pages"}],"about":[{"href":"https:\/\/sergehulotmagnetiseur.com\/index.php\/wp-json\/wp\/v2\/types\/page"}],"author":[{"embeddable":true,"href":"https:\/\/sergehulotmagnetiseur.com\/index.php\/wp-json\/wp\/v2\/users\/1"}],"replies":[{"embeddable":true,"href":"https:\/\/sergehulotmagnetiseur.com\/index.php\/wp-json\/wp\/v2\/comments?post=2"}],"version-history":[{"count":139,"href":"https:\/\/sergehulotmagnetiseur.com\/index.php\/wp-json\/wp\/v2\/pages\/2\/revisions"}],"predecessor-version":[{"id":312,"href":"https:\/\/sergehulotmagnetiseur.com\/index.php\/wp-json\/wp\/v2\/pages\/2\/revisions\/312"}],"wp:featuredmedia":[{"embeddable":true,"href":"https:\/\/sergehulotmagnetiseur.com\/index.php\/wp-json\/wp\/v2\/media\/29"}],"wp:attachment":[{"href":"https:\/\/sergehulotmagnetiseur.com\/index.php\/wp-json\/wp\/v2\/media?parent=2"}],"curies":[{"name":"wp","href":"https:\/\/api.w.org\/{rel}","templated":true}]}}